{"id":377,"date":"2015-12-28T14:46:54","date_gmt":"2015-12-28T14:46:54","guid":{"rendered":"http:\/\/aproin.com\/web_prueba\/?page_id=377"},"modified":"2019-09-25T13:33:29","modified_gmt":"2019-09-25T11:33:29","slug":"politica-de-privacidad","status":"publish","type":"page","link":"https:\/\/aproin.com\/index.php\/politica-de-privacidad\/","title":{"rendered":"Pol\u00edtica de Privacidad"},"content":{"rendered":"<p>&nbsp;<\/p>\n<p>Desde <strong>ASOCIACION DE PROMOTORES INMOBILIARIOS DE LA PROVINCIA DE PONTEVEDRA<\/strong> entendemos que es esencial mantener una relaci\u00f3n transparente contigo, por ello, a continuaci\u00f3n, te presentamos nuestra Pol\u00edtica de Privacidad, para que en todo momento est\u00e9s debidamente informado acerca de c\u00f3mo recopilamos y tratamos de forma segura cualquier dato que nos facilites.<br \/>\nTus datos ser\u00e1n tratados de conformidad con la legislaci\u00f3n vigente y, en concreto, de acuerdo a lo establecido en el Reglamento (UE) 2016\/679 de 27 de abril de 2016 (RGPD) relativo a la protecci\u00f3n de las personas f\u00edsicas en lo que respecta al tratamiento de datos personales y a la libre circulaci\u00f3n de estos datos. Tambi\u00e9n en lo referente a la Ley Org\u00e1nica 3\/2018, del 5 de diciembre, de Protecci\u00f3n de Datos Personales y Garant\u00eda de los Derechos Digitales.<br \/>\nUna lectura detenida de nuestra Pol\u00edtica de Privacidad te aportar\u00e1 la informaci\u00f3n necesaria para conocer qu\u00e9 destino le daremos a los datos que nos proporciones.<\/p>\n<p><strong>1 \u00bfQUI\u00c9N ES EL RESPONSABLE DEL TRATAMIENTO DE TUS DATOS?<\/strong><br \/>\nSi t\u00fa, o una persona autorizada, nos has facilitado tus datos, te informamos de que ASOCIACION DE PROMOTORES INMOBILIARIOS DE LA PROVINCIA DE PONTEVEDRA, con CIF: ESG36764686 es el responsable del tratamiento de los mismos. Estos datos ser\u00e1n tratados de conformidad con lo dispuesto en las normativas vigentes sobre protecci\u00f3n de datos personales.<br \/>\nEs posible que existan otros responsables en los tratamientos que realizamos, en ese caso siempre informaremos de quien es el\/la responsable del tratamiento de los mismos, as\u00ed como de sus  datos de identificaci\u00f3n.<br \/>\nDesde ASOCIACION DE PROMOTORES INMOBILIARIOS DE LA PROVINCIA DE PONTEVEDRA nos comprometemos al cumplimiento de la obligaci\u00f3n de secreto de los datos de car\u00e1cter personal y de su deber de guardarlos. Para eso adoptamos las medidas necesarias para evitar su alteraci\u00f3n, p\u00e9rdida, tratamiento o acceso no autorizado de acuerdo con establecido en el Reglamento.<\/p>\n<p><strong>2 \u00bfD\u00d3NDE INFORMAMOS?<\/strong><br \/>\nDesde ASOCIACION DE PROMOTORES INMOBILIARIOS DE LA PROVINCIA DE PONTEVEDRA informamos a trav\u00e9s de la p\u00e1gina web www.aproin.com en el apartado correspondiente a la pol\u00edtica de privacidad. M\u00e1s informaci\u00f3n en \u201cAviso Legal\u201d.<\/p>\n<p><strong>3 \u00bfQU\u00c9 DATOS PERSONALES TRATAMOS?<\/strong><br \/>\nLos datos personales que tratamos son:<br \/>\n\u2022\tAquellos que t\u00fa decidas facilitarnos voluntariamente<br \/>\n\u2022\tLos datos derivados de las comunicaciones que mantengas con nosotros.<br \/>\n\u2022\tLa informaci\u00f3n correspondiente a tu propia navegaci\u00f3n en el caso de Servicios Online, (direcci\u00f3n IP o informaci\u00f3n derivada de cookies o dispositivos similares (puedes ver nuestra Pol\u00edtica de Cookies en la web).<br \/>\n\u2022\tAquella informaci\u00f3n que se encuentre disponible en fuentes accesibles al p\u00fablico, a la que leg\u00edtimamente podamos acceder.<br \/>\n\u2022\tLos datos que se deriven de la relaci\u00f3n contractual o precontractual que mantengas con nosotros, incluida tu imagen, inform\u00e1ndote siempre en este caso de la posibilidad de captar tu imagen.<br \/>\n\u2022\tLos que terceras personas nos proporcionen sobre ti, existiendo una base leg\u00edtima para ello o habiendo obtenido tu consentimiento para ello.<br \/>\n\u2022\tLos datos de terceros que t\u00fa nos facilites, previo consentimiento del tercero en cuesti\u00f3n.<\/p>\n<p><strong>4 \u00bfC\u00d3MO TRATAMOS LOS DATOS?<\/strong><br \/>\nEn ASOCIACION DE PROMOTORES INMOBILIARIOS DE LA PROVINCIA DE PONTEVEDRA tratamos tus datos personales siempre en estricto cumplimiento de la legislaci\u00f3n vigente. Adem\u00e1s, te informamos de que contamos con las medidas t\u00e9cnicas y organizativas adecuadas para garantizar un nivel \u00f3ptimo de seguridad, garantizando con ello que solo acceder\u00e1n aquellas personas que tengan autorizaci\u00f3n, que los mantendremos \u00edntegros, evitando cualquier p\u00e9rdida intencionada o accidental y que hemos reforzado los sistemas y servicios de tratamiento de datos.<br \/>\nLas operaciones, gestiones y procedimientos t\u00e9cnicos que realizamos de forma automatizada o no automatizada y que posibiliten la recogida, almacenamiento, modificaci\u00f3n, transferencia y otras acciones sobre datos de car\u00e1cter personal, tienen la consideraci\u00f3n de tratamiento de datos personales.<\/p>\n<p><strong>5\u00bfCU\u00c1L ES LA LEGITIMACI\u00d3N DEL TRATAMIENTO?<\/strong><br \/>\nLa base de la legitimaci\u00f3n del tratamiento de Datos Personales ser\u00e1 la que resulte de la relaci\u00f3n contractual o precontractual, de la relaci\u00f3n laboral o de cualquier otra que se requiera para el tratamiento de datos, tales como el consentimiento expreso.<\/p>\n<p><strong>6 \u00bfC\u00d3MO GESTIONAMOS LAS COMUNICACIONES ELECTR\u00d3NICAS?<\/strong><br \/>\nEn el caso de recibir comunicaciones por estos medios (correos electr\u00f3nicos, mensajes de respuesta automatizada de formularios, y otros sistemas de comunicaci\u00f3n) te informamos que los mensajes se dirigen exclusivamente a su destinatario y puede contener informaci\u00f3n privilegiada o confidencial. Si no eres el destinatario indicado, te notificamos de que la utilizaci\u00f3n, divulgaci\u00f3n y\/o copia sin autorizaci\u00f3n est\u00e1 prohibida en virtud de la legislaci\u00f3n vigente.<br \/>\nDe conformidad con lo establecido en la Ley 34\/2002 de 11 de julio, de Servicios de la Sociedad de la Informaci\u00f3n y del Comercio Electr\u00f3nico, y la Directiva 2002\/58\/CE te informamos de que en el supuesto de que no desees recibir comunicaciones e informaciones de \u00edndole comercial mediante este sistema de comunicaci\u00f3n electr\u00f3nica, nos lo notifiques por esta misma v\u00eda indicando en el asunto &#8220;BAJA COMUNICACIONES COMERCIALES&#8221; para que tus datos personales sean dados de baja de nuestra base de datos. Tu solicitud ser\u00e1 accionada en un plazo de 10 d\u00edas desde su env\u00edo. En el supuesto de que no recibamos contestaci\u00f3n expresa por tu parte, entenderemos que aceptas y autorizas que nuestra entidad siga realizando las referidas comunicaciones.<\/p>\n<p><strong>7 \u00bfCU\u00c1NTO TIEMPO CONSERVAMOS TUS DATOS?<\/strong><br \/>\nLos datos personales relativos a personas f\u00edsicas que desde ASOCIACION DE PROMOTORES INMOBILIARIOS DE LA PROVINCIA DE PONTEVEDRA recopilamos por cualquier medio, se conservar\u00e1n mientras el interesado no solicite su supresi\u00f3n. As\u00ed mismo, se conservar\u00e1n mientras se mantenga la relaci\u00f3n que origin\u00f3 el tratamiento de los datos, respetando en cualquier caso los plazos legales de conservaci\u00f3n. Concluido este per\u00edodo, los datos personales ser\u00e1n eliminados de todos los sistemas de ASOCIACION DE PROMOTORES INMOBILIARIOS DE LA PROVINCIA DE PONTEVEDRA.<\/p>\n<p><strong>8 \u00bfTUS DATOS SER\u00c1N COMUNICADOS A TERCEROS?<\/strong><br \/>\nNo habr\u00e1 cesi\u00f3n, transmisi\u00f3n o transferencia de datos personales, salvo las ya informadas, que no sean a consecuencia de una obligaci\u00f3n legal. Si por requerimiento de la Administraci\u00f3n P\u00fablica o de las Instituciones Auton\u00f3micas en el \u00e1mbito de las funciones que la ley les atribuya expresamente, se nos solicitan tus datos, estos ser\u00e1n transmitidos.<br \/>\nDe existir una cesi\u00f3n, transmisi\u00f3n o transferencia de datos personales fuera de los casos anteriormente previstos, ser\u00e1s previamente informado para que, si procede, nos prestes tu consentimiento.<br \/>\nPero para poder organizarnos correctamente, tener buenas operativas y procedimientos que garanticen una buena gesti\u00f3n, desde ASOCIACION DE PROMOTORES INMOBILIARIOS DE LA PROVINCIA DE PONTEVEDRA puede ser necesario el tener que contratar los servicios de asesores, profesionales, u otras empresas de servicios para tratar datos bajo nuestras indicaciones.<br \/>\nEste tratamiento por cuenta de terceros est\u00e1 regulada en un contrato que consta por escrito o de alguna otra forma legalmente admitida y que permita acreditar su celebraci\u00f3n y contenido, especificando expresamente que el encargado del tratamiento tratar\u00e1 los datos conforme a nuestras instrucciones y no los aplicar\u00e1 o usar\u00e1 con un fin distinto al que figure en dicho contrato, ni los comunicar\u00e1, ni siquiera para su conservaci\u00f3n, a otras personas.<\/p>\n<p><strong>9 \u00bfCU\u00c1LES SON TUS DERECHOS?<\/strong><br \/>\nLa normativa de protecci\u00f3n de datos le confiere los siguientes derechos:<br \/>\n\u2022\tDerecho a revocar cualquier consentimiento prestado previamente.<br \/>\n\u2022\tDerecho de acceso: Conocer qu\u00e9 tipo de datos se est\u00e1n tratando y las caracter\u00edsticas del tratamiento que se lleva a cabo.<br \/>\n\u2022\tDerecho de rectificaci\u00f3n: Poder solicitar la modificaci\u00f3n de los datos que sean inexactos o no veraces<br \/>\n\u2022\tDerecho de portabilidad: Poder obtener una copia en formato interoperable de los datos que est\u00e9n siendo tratados.<br \/>\n\u2022\tDerecho a la limitaci\u00f3n del tratamiento en los casos que considere que no es necesario.<br \/>\n\u2022\tDerecho de cancelaci\u00f3n: Solicitar el cese del tratamiento de los datos y su supresi\u00f3n cuando ya no sea necesaria su conservaci\u00f3n.<\/p>\n<p>Si deseas m\u00e1s informaci\u00f3n respecto al tratamiento de tus datos, rectificar aquellos que sean inexactos, oponerse y\/o limitar alg\u00fan tratamiento que consideres que no es necesario, o solicitar la cancelaci\u00f3n del tratamiento cuando los datos ya no sean necesarios, puedes dirigirte por escrito a ASOCIACION DE PROMOTORES INMOBILIARIOS DE LA PROVINCIA DE PONTEVEDRA en Eduardo Iglesias, 8 Entresuelo, , 36202 &#8211; VIGO (Pontevedra) o mediante correo electr\u00f3nico a  maria@aproin.com.<\/p>\n<p>\u2022\tDicha comunicaci\u00f3n deber\u00e1 reflejar la siguiente informaci\u00f3n: Nombre y apellidos del usuario, la petici\u00f3n de solicitud, el domicilio y los datos acreditativos.<br \/>\n\u2022\tEl ejercicio de derechos deber\u00e1 ser realizado por el propio usuario. No obstante, podr\u00e1n ser ejecutados por una persona autorizada como representante legal del autorizado. En tal caso, se deber\u00e1 aportar la documentaci\u00f3n que acredite esta representaci\u00f3n del interesado.<\/p>\n<p>As\u00ed mismo, queremos informarte de que puedes retirar el consentimiento prestado sin que ello afecte a la licitud del tratamiento ya realizado, enviando tu solicitud a la misma direcci\u00f3n indicada en el p\u00e1rrafo anterior. En este caso, deber\u00e1s acompa\u00f1ar a tu solicitud, copia de tu DNI o documento acreditativo de tu identidad.<br \/>\nRecordarte, adem\u00e1s, que tienes derecho a presentar una reclamaci\u00f3n ante la Agencia Espa\u00f1ola de Protecci\u00f3n de Datos (AEPD), si consideras infringidos tus derechos Protecci\u00f3n de datos C\/ Jorge Juan, 6 28001-Madrid &#8211; FAX: 914483680- TELF: 901 100 099- E-mail: ciudadano@agpd.es<\/p>\n<p><strong>10 \u00bfCU\u00c1L ES LA FINALIDAD Y BASE DE LEGITIMACI\u00d3N PARA EL TRATAMIENTO DE LOS DATOS?<\/strong><br \/>\nDetallamos a continuaci\u00f3n las finalidades de los tratamientos de datos llevados a cabo por alguno, o todos, de los Responsables de Tratamiento enumerados  con anterioridad.<\/p>\n","protected":false},"excerpt":{"rendered":"<p>&nbsp; Desde ASOCIACION DE PROMOTORES INMOBILIARIOS DE LA PROVINCIA DE PONTEVEDRA entendemos que es esencial mantener una relaci\u00f3n transparente contigo, por ello,&#8230;<\/p>\n","protected":false},"author":1,"featured_media":0,"parent":0,"menu_order":0,"comment_status":"closed","ping_status":"closed","template":"","meta":[],"_links":{"self":[{"href":"https:\/\/aproin.com\/index.php\/wp-json\/wp\/v2\/pages\/377"}],"collection":[{"href":"https:\/\/aproin.com\/index.php\/wp-json\/wp\/v2\/pages"}],"about":[{"href":"https:\/\/aproin.com\/index.php\/wp-json\/wp\/v2\/types\/page"}],"author":[{"embeddable":true,"href":"https:\/\/aproin.com\/index.php\/wp-json\/wp\/v2\/users\/1"}],"replies":[{"embeddable":true,"href":"https:\/\/aproin.com\/index.php\/wp-json\/wp\/v2\/comments?post=377"}],"version-history":[{"count":6,"href":"https:\/\/aproin.com\/index.php\/wp-json\/wp\/v2\/pages\/377\/revisions"}],"predecessor-version":[{"id":3418,"href":"https:\/\/aproin.com\/index.php\/wp-json\/wp\/v2\/pages\/377\/revisions\/3418"}],"wp:attachment":[{"href":"https:\/\/aproin.com\/index.php\/wp-json\/wp\/v2\/media?parent=377"}],"curies":[{"name":"wp","href":"https:\/\/api.w.org\/{rel}","templated":true}]}}