{"id":3865,"date":"2021-02-23T16:22:16","date_gmt":"2021-02-23T15:22:16","guid":{"rendered":"https:\/\/aproin.com\/?page_id=3865"},"modified":"2021-02-23T16:41:07","modified_gmt":"2021-02-23T15:41:07","slug":"politica-de-cookies","status":"publish","type":"page","link":"https:\/\/aproin.com\/index.php\/politica-de-cookies\/","title":{"rendered":"Pol\u00edtica de Cookies"},"content":{"rendered":"<p>&nbsp;<\/p>\n<p>El Sitio Web utiliza cookies cuando un USUARIO\/A navega por los sitios y p\u00e1ginas web del Sitio Web.<\/p>\n<p>El\/la USUARIO\/A tiene la posibilidad de configurar su navegador para ser avisado en pantalla de la recepci\u00f3n de cookies y para impedir su instalaci\u00f3n en su disco duro.<\/p>\n<p>Por favor, consulte las instrucciones y manuales de su navegador para ampliar \u00e9sta informaci\u00f3n. Para utilizar el SITIO WEB, no resulta necesario que el\/la USUARIO\/A permita la instalaci\u00f3n de las cookies enviadas por el sitio web, sin perjuicio de que en tal caso ser\u00e1 necesario que el Usuario\/a se registre como usuario de cada uno de los servicios cuya prestaci\u00f3n requiera el previo registro.<\/p>\n<p>La utilizaci\u00f3n de cookies y otras tecnolog\u00edas de seguimiento se encuentra estandarizada en todos los sitios web y aplicaciones mediante las cuales se recopila informaci\u00f3n sobre sus actividades en l\u00ednea a trav\u00e9s de aplicaciones, sitios web, redes sociales u otros servicios.<\/p>\n<p>A continuaci\u00f3n, le proporcionamos m\u00e1s informaci\u00f3n sobre c\u00f3mo utilizamos las cookies y tecnolog\u00edas similares y sobre c\u00f3mo puede controlar y administras las cookies.<\/p>\n<p><strong>1.- \u00bfQu\u00e9 es una cookie?<\/strong><\/p>\n<p>Una Cookie es un fichero que se descarga en su ordenador al acceder a determinadas p\u00e1ginas web. Las cookies permiten a una p\u00e1gina web, entre otras, almacenar y recuperar informaci\u00f3n sobre los h\u00e1bitos de navegaci\u00f3n de un usuario o de su equipo y, dependiendo de la informaci\u00f3n que contengan y de la forma que se utilice su equipo, pueden utilizarse para reconocer al usuario. El navegador del usuario memoriza cookies en el disco duro solamente durante la sesi\u00f3n actual, ocupando un espacio de memoria m\u00ednimo y no perjudicando al ordenador. Las cookies no contienen ninguna clase de informaci\u00f3n personal espec\u00edfica, y la mayor\u00eda de las mismas se borran del disco duro al finalizar la sesi\u00f3n de navegador (las denominadas cookies de sesi\u00f3n).<\/p>\n<p>La mayor\u00eda de los navegadores aceptan como est\u00e1ndar a las cookies y, con independencia de las mismas, permiten o impiden en los ajustes de seguridad las cookies temporales o memorizadas.<\/p>\n<p><strong>2.- \u00bfPor qu\u00e9 este Sitio Web utiliza Cookies?<\/strong><\/p>\n<p>Se utilizan cookies con el objetivo de mejorar su experiencia como usuario, por lo tanto, son una parte importante de c\u00f3mo funciona nuestro Sitio Web. Entre otras finalidades, pueden ser utilizadas para recordar el idioma que utiliza durante la navegaci\u00f3n y en futuras visitas.<\/p>\n<p><strong>3.- \u00bfQu\u00e9 informaci\u00f3n almacena una cookie?<\/strong><\/p>\n<p>Las cookies utilizadas por sitio web se asocian \u00fanicamente con un USUARIO\/A an\u00f3nimo y su ordenador y no proporcionan por s\u00ed el nombre y apellidos del USUARIO. Gracias a las cookies, resulta posible reconocer a los\/las USUARIOS\/AS registrados despu\u00e9s de que \u00e9stos se hayan registrado por primera vez, sin que tengan que registrarse en cada visita para acceder a las \u00e1reas y servicios reservados exclusivamente a ellos. Las cookies utilizadas no pueden leer datos de su disco duro ni leer los archivos cookie creados por otros proveedores. Los datos identificativos de la persona USUARIA son cifrados para mayor seguridad.<\/p>\n<p>De igual manera, nuestros servidores web detectan de manera autom\u00e1tica la direcci\u00f3n IP y el nombre de dominio utilizados por el usuario\/a. Toda esta informaci\u00f3n es registrada en un fichero de actividad del servidor que permite el posterior procesamiento de los datos con el fin de obtener mediciones estad\u00edsticas que nos permitan conocer el n\u00famero de impresiones de p\u00e1ginas, el n\u00famero de visitas realizadas a nuestros servicios web, etc.<\/p>\n<p><strong>4.- \u00bfQu\u00e9 tipos de cookies existen?<\/strong><\/p>\n<ul>\n<li><strong>Cookies t\u00e9cnicas: <\/strong>Son aqu\u00e9llas que permiten al usuario la navegaci\u00f3n a trav\u00e9s de la p\u00e1gina web o aplicaci\u00f3n y la utilizaci\u00f3n de las diferentes opciones o servicios que en ella existen. Por ejemplo, controlar el tr\u00e1fico y la comunicaci\u00f3n de datos, identificar la sesi\u00f3n, acceder a las partes web de acceso restringido, recordar los elementos que integran un pedido, realizar la solicitud de inscripci\u00f3n o participaci\u00f3n en un evento, utilizar elementos de seguridad durante la navegaci\u00f3n y almacenar contenidos para la difusi\u00f3n de videos o sonido<\/li>\n<li><strong>Cookies anal\u00edticas: <\/strong>Son aqu\u00e9llas que permiten realizar el seguimiento y an\u00e1lisis del comportamiento de los usuarios en los sitios web. La informaci\u00f3n recogida mediante este tipo de &#8216;cookies&#8217; se utiliza en la medici\u00f3n de la actividad de los sitios web, aplicaci\u00f3n o plataforma y para la elaboraci\u00f3n de perfiles de navegaci\u00f3n de los usuarios de dichos sitios, con el fin de introducir mejoras en el servicio en funci\u00f3n de los datos de uso que hacen los usuarios.<\/li>\n<li><strong>Cookies de personalizaci\u00f3n: <\/strong>Son aqu\u00e9llas que permiten al usuario acceder al servicio con algunas caracter\u00edsticas de car\u00e1cter general predefinidas en su terminal o que el propio usuario defina. Por ejemplo, el idioma, el tipo de navegador a trav\u00e9s del cual accede al servicio, el dise\u00f1o de contenidos seleccionado, geolocalizaci\u00f3n del terminal y la configuraci\u00f3n regional desde donde se accede al servicio.<\/li>\n<li><strong>Cookies sociales: <\/strong>Las necesarias para enlazar el sitio web con sus redes sociales<\/li>\n<li><strong>Cookies de Publicidad y preferencias: <\/strong>Son aqu\u00e9llas que permiten la gesti\u00f3n eficaz de los espacios publicitarios que se han incluido en la p\u00e1gina web o aplicaci\u00f3n desde la que se presta el servicio. Permiten adecuar el contenido de la publicidad para que esta sea relevante para el usuario y para evitar mostrar anuncios que el usuario ya haya visto<\/li>\n<li><strong>Cookies de Afiliados: <\/strong>Permiten saber de d\u00f3nde proceden las visitas al sitio web<\/li>\n<li><strong>Cookies de terceros: <\/strong>En algunas p\u00e1ginas web se pueden instalar &#8216;cookies&#8217; de terceros que permiten gestionar y mejorar los servicios ofrecidos. Como por ejemplo, servicios estad\u00edsticos de Google Analytics y Comscore.<\/li>\n<\/ul>\n<p>En funci\u00f3n de su durabilidad pueden ser:<\/p>\n<ul>\n<li><strong>Cookies de sesi\u00f3n:<\/strong>Su vigencia expira al cerrar el navegador<\/li>\n<li><strong>Cookies permanentes:<\/strong>Su vigencia puede ser variable, una vez que han cumplido el objetivo que motiv\u00f3 su instalaci\u00f3n o cuando el usuario procede a su borrado manual.<\/li>\n<\/ul>\n<p><strong>5.- Puede permitir, rechazar o bloquear las cookies <\/strong><\/p>\n<p>El usuario podr\u00e1 en cualquier momento- elegir qu\u00e9 cookies quiere que funcionen en este sitio web mediante la configuraci\u00f3n del navegador. Para m\u00e1s informaci\u00f3n busque \u201cgestionar cookies\u201d en su navegador, la siguiente informaci\u00f3n es a modo de ejemplo ya que puede variar.<\/p>\n<ul>\n<li>Configuraci\u00f3n de cookies en <a href=\"http:\/\/windows.microsoft.com\/es-es\/internet-explorer\/delete-manage-cookies#ie=ie-10\">Internet Explorer 10<\/a>.<\/li>\n<li>Configuraci\u00f3n de cookies en <a href=\"http:\/\/windows.microsoft.com\/es-es\/internet-explorer\/delete-manage-cookies#ie=ie-11\">Internet Explorer 11<\/a>.<\/li>\n<li>Configuraci\u00f3n de cookies en <a href=\"http:\/\/support.apple.com\/kb\/HT1677?viewlocale=es_ES\">Safari<\/a>.<\/li>\n<li>Configuraci\u00f3n de cookies en <a href=\"https:\/\/support.google.com\/chrome\/answer\/95647?hl=es&amp;hlrm=en\">Google Chrome<\/a>.<\/li>\n<li>Configuraci\u00f3n de cookies en <a href=\"http:\/\/support.mozilla.org\/es\/kb\/cookies-informacion-que-los-sitios-web-guardan-en-?redirectlocale=en-US&amp;redirectslug=Cookies\">Firefox Mozilla<\/a>.<\/li>\n<li>Configuraci\u00f3n de cookies en <a href=\"http:\/\/help.opera.com\/Windows\/11.50\/es-ES\/cookies.html\">Opera<\/a>.<\/li>\n<li>Configuraci\u00f3n de cookies en <a href=\"https:\/\/support.google.com\/android\/?hl=es\">Android<\/a>.<\/li>\n<li>Configuraci\u00f3n de cookies en <a href=\"http:\/\/www.windowsphone.com\/es-ES\/how-to\/wp7\/web\/changing-privacy-and-other-browser-settings\">Windows Phone<\/a>.<\/li>\n<li>Configuraci\u00f3n de cookies en <a href=\"http:\/\/docs.blackberry.com\/en\/smartphone_users\/deliverables\/18578\/Turn_off_cookies_in_the_browser_60_1072866_11.jsp\">BlackBerry<\/a>.<\/li>\n<\/ul>\n<p><strong>Existen herramientas de terceros, disponibles on line, que permiten a los usuarios detectar las cookies en cada sitio web que visita y gestionar su desactivaci\u00f3n.<\/strong><\/p>\n<p>Seg\u00fan directiva de la UE, las cookies que requieren el consentimiento informado y expreso por parte del usuario son las cookies de anal\u00edticas, publicidad y afiliaci\u00f3n.<\/p>\n<p>Quedan exceptuadas aquellas que sean de car\u00e1cter t\u00e9cnico y necesario para el funcionamiento del sitio web o la prestaci\u00f3n de servicios expresamente solicitados por el usuario.<\/p>\n<p><strong>\u00a0<\/strong><\/p>\n<p><strong>6.- Actualizaciones y cambios en la Pol\u00edtica de cookies.<\/strong><\/p>\n<p>El responsable puede modificar esta Pol\u00edtica de Cookies en funci\u00f3n de cambios en el uso de Cookies en su sitio web, de nuevas exigencias legislativas, reglamentarias, o con la finalidad de adaptar dicha pol\u00edtica a las instrucciones dictadas por las autoridades de control, en concreto, la Agencia Espa\u00f1ola de Protecci\u00f3n de Datos.<\/p>\n<p>Es posible por tanto que se produzcan cambios significativos en esta Pol\u00edtica de Cookies los cuales ser\u00e1n publicados en la misma. Pero ser\u00e1 responsabilidad del Usuario acceder a esta Pol\u00edtica de forma peri\u00f3dica para conocer cualquier cambio, sin perjuicio de la posibilidad de comunicar a los usuarios del sitio web dichos cambios mediante un aviso informativo en nuestro sitio web y\/o a trav\u00e9s de otros medios.<\/p>\n<ol start=\"7\">\n<li><strong> \u00bfQu\u00e9 cookies se utilizan en este sitio web?<\/strong><\/li>\n<\/ol>\n<p>&nbsp;<\/p>\n<table>\n<tbody>\n<tr>\n<th>Nombre<\/th>\n<th>Descripci\u00f3n<\/th>\n<th>Tipo<\/th>\n<th>Duraci\u00f3n<\/th>\n<\/tr>\n<tr>\n<td>euCookie<\/td>\n<td>Permite que tu web cumpla con la ley europea de las cookies, informando a los usuarios de que tu sitio utiliza cookies, por medio de una ventana emergente para mostrar m\u00e1s informaci\u00f3n y la opci\u00f3n de bloquear scripts antes de su aceptaci\u00f3n.<\/td>\n<td>Propia<\/td>\n<td>Sesi\u00f3n<\/td>\n<\/tr>\n<tr>\n<td>1P_JAR<\/td>\n<td>Cookie que transfiere datos a Google para hacer la publicidad m\u00e1s atractiva.<\/td>\n<td>Terceros<\/td>\n<td>Sesi\u00f3n<\/td>\n<\/tr>\n<tr>\n<td>_GRECAPTCHA<\/td>\n<td>Para proteger la web de SPAM.<\/td>\n<td>Terceros<\/td>\n<td>Sesi\u00f3n<\/td>\n<\/tr>\n<tr>\n<td>ANID<\/td>\n<td>Estas cookies tienen una finalidad publicitaria del servicio Google Adwords. Contienen un valor generado aleatoriamente \u00fanico que permite a la Plataforma para distinguir navegadores y dispositivos. Esta informaci\u00f3n es utilizada para medir el rendimiento de los anuncios y proporcionar recomendaciones relativas a productos basadas en datos estad\u00edsticos.<\/td>\n<td>Terceros<\/td>\n<td>Sesi\u00f3n<\/td>\n<\/tr>\n<tr>\n<td>CGIC<\/td>\n<td>Cookies de Google Analytics que se usa distinguir a los Usuarios.<\/td>\n<td>Terceros<\/td>\n<td>Sesi\u00f3n<\/td>\n<\/tr>\n<tr>\n<td>CONSENT<\/td>\n<td>Google Maps, Google + Implantan determinadas utilidades de Google y pueden almacenar ciertas preferencias, por ejemplo, el n\u00famero de resultados de b\u00fasqueda por p\u00e1gina o la activaci\u00f3n del filtro SafeSearch, as\u00ed como personalizar los anuncios que se muestran en la b\u00fasqueda de Google, o cookies de \u201cSocial Sharing\u201d para el bot\u00f3n G+1 de recomendaci\u00f3n del pie de las p\u00e1ginas.<\/td>\n<td>Terceros<\/td>\n<td>Sesi\u00f3n<\/td>\n<\/tr>\n<tr>\n<td>DV<\/td>\n<td>Al crear o iniciar sesi\u00f3n en una cuenta de Google se almacenan las cookies en su ordenador con el fin de permanecer conectado a su cuenta de Google al visitar sus servicios de nuevo. Mientras permanezca con esta sesi\u00f3n activa y use complementos en otros sitios Web como el nuestro, Google har\u00e1 uso de estas cookies para mejorar su experiencia de uso.<\/td>\n<td>Terceros<\/td>\n<td>Sesi\u00f3n<\/td>\n<\/tr>\n<tr>\n<td>NID<\/td>\n<td>La finalidad de esta cookie es almacenar informaci\u00f3n sobre tus preferencias.<\/td>\n<td>Terceros<\/td>\n<td>Sesi\u00f3n<\/td>\n<\/tr>\n<tr>\n<td>SNID<\/td>\n<td>Utilizado por Google Maps para visualizar ubicaciones geogr\u00e1ficas. Su uso implica la remisi\u00f3n de las cookies, PREF, NID, SNID, KHCOOKIE, adem\u00e1s de las cookies que Google requiere si mantiene la sesi\u00f3n activa con su cuenta, gestionada enteramente por Google.<\/td>\n<td>Terceros<\/td>\n<td>Sesi\u00f3n<\/td>\n<\/tr>\n<\/tbody>\n<\/table>\n","protected":false},"excerpt":{"rendered":"<p>&nbsp; El Sitio Web utiliza cookies cuando un USUARIO\/A navega por los sitios y p\u00e1ginas web del Sitio Web. El\/la USUARIO\/A tiene&#8230;<\/p>\n","protected":false},"author":1,"featured_media":0,"parent":0,"menu_order":0,"comment_status":"closed","ping_status":"closed","template":"","meta":[],"_links":{"self":[{"href":"https:\/\/aproin.com\/index.php\/wp-json\/wp\/v2\/pages\/3865"}],"collection":[{"href":"https:\/\/aproin.com\/index.php\/wp-json\/wp\/v2\/pages"}],"about":[{"href":"https:\/\/aproin.com\/index.php\/wp-json\/wp\/v2\/types\/page"}],"author":[{"embeddable":true,"href":"https:\/\/aproin.com\/index.php\/wp-json\/wp\/v2\/users\/1"}],"replies":[{"embeddable":true,"href":"https:\/\/aproin.com\/index.php\/wp-json\/wp\/v2\/comments?post=3865"}],"version-history":[{"count":3,"href":"https:\/\/aproin.com\/index.php\/wp-json\/wp\/v2\/pages\/3865\/revisions"}],"predecessor-version":[{"id":3869,"href":"https:\/\/aproin.com\/index.php\/wp-json\/wp\/v2\/pages\/3865\/revisions\/3869"}],"wp:attachment":[{"href":"https:\/\/aproin.com\/index.php\/wp-json\/wp\/v2\/media?parent=3865"}],"curies":[{"name":"wp","href":"https:\/\/api.w.org\/{rel}","templated":true}]}}