{"id":7,"date":"2015-10-27T09:38:51","date_gmt":"2015-10-27T09:38:51","guid":{"rendered":"http:\/\/demo.nrgthemes.com\/projects\/nrgikawp\/home1\/?page_id=7"},"modified":"2024-03-26T15:15:47","modified_gmt":"2024-03-26T14:15:47","slug":"home","status":"publish","type":"page","link":"https:\/\/aproin.com\/","title":{"rendered":"Inicio"},"content":{"rendered":"<p>[vc_row full_width=&#8221;stretch_row_content_no_spaces&#8221; css=&#8221;.vc_custom_1445942610388{margin-bottom: 0px !important;border-bottom-width: 0px !important;padding-bottom: 0px !important;}&#8221;][vc_column]<div class=\"top-baner swiper-anime\"><div class=\"swiper-container top-slider-2\" data-autoplay=\"0\" data-loop=\"0\" data-speed=\"1000\" data-center=\"0\" data-slides-per-view=\"1\"><div class=\"swiper-wrapper\"><div class=\"swiper-slide\" data-val=\"0\"><div class=\"bg-main\"><div class=\"clip\"><div class=\"bg bg-bg act\" style=\"background-image:url(https:\/\/aproin.com\/wp-content\/uploads\/2015\/10\/home-slider1.jpg)\"><\/div><\/div><div class=\"dark-layer\"><\/div><\/div><div class=\"vertical-align\"><div class=\"col-md-12\"><div class=\"main-title center-title\"><h1><img class=\"img_baner0\" src=\"http:\/\/aproin.com\/wp-content\/uploads\/2015\/12\/home-logoaproin.png\" alt=\"\"><\/h1><p><\/p><a href=\"\" class=\"push-1\"><\/a><\/div><\/div><\/div><\/div><div class=\"swiper-slide\" data-val=\"1\"><div class=\"bg-main\"><div class=\"clip\"><div class=\"bg bg-bg act\" style=\"background-image:url(https:\/\/aproin.com\/wp-content\/uploads\/2015\/10\/home-slider2.jpg)\"><\/div><\/div><div class=\"dark-layer\"><\/div><\/div><div class=\"vertical-align\"><div class=\"col-md-12\"><div class=\"main-title center-title\"><h1>aproin es futuro <\/h1><p>Solo al estar unidos podremos defender nuestros intereses de forma efectiva<\/p><a href=\"\" class=\"push-1\"><\/a><\/div><\/div><\/div><\/div><div class=\"swiper-slide\" data-val=\"2\"><div class=\"bg-main\"><div class=\"clip\"><div class=\"bg bg-bg act\" style=\"background-image:url(https:\/\/aproin.com\/wp-content\/uploads\/2015\/10\/slider3nueva.jpg)\"><\/div><\/div><div class=\"dark-layer\"><\/div><\/div><div class=\"vertical-align\"><div class=\"col-md-12\"><div class=\"main-title center-title\"><h1>APROIN SON SOLUCIONES<\/h1><p>en urbanismo, jurisdicci\u00f3n, administrativos, de gesti\u00f3n, de financiaci\u00f3n, de tasaciones\u2026<\/p><a href=\"\" class=\"push-1\"><\/a><\/div><\/div><\/div><\/div><\/div><div class=\"container\"><div class=\"point-style-1\"><div class=\"pagination\"><\/div><\/div><\/div><div class=\"swiper-arrow-left arr-style-1\"><span class=\"fa fa-long-arrow-left\"><\/span><\/div><div class=\"swiper-arrow-right arr-style-1\"><span class=\"fa fa-long-arrow-right\"><\/span><\/div><\/div> <\/div>[\/vc_column][\/vc_row][vc_row][vc_column][\/vc_column][\/vc_row]<\/p>\n","protected":false},"excerpt":{"rendered":"<p>[vc_row full_width=&#8221;stretch_row_content_no_spaces&#8221; css=&#8221;.vc_custom_1445942610388{margin-bottom: 0px !important;border-bottom-width: 0px !important;padding-bottom: 0px !important;}&#8221;][vc_column][\/vc_column][\/vc_row][vc_row][vc_column][\/vc_column][\/vc_row]<\/p>\n","protected":false},"author":1,"featured_media":0,"parent":0,"menu_order":10,"comment_status":"closed","ping_status":"closed","template":"","meta":[],"_links":{"self":[{"href":"https:\/\/aproin.com\/index.php\/wp-json\/wp\/v2\/pages\/7"}],"collection":[{"href":"https:\/\/aproin.com\/index.php\/wp-json\/wp\/v2\/pages"}],"about":[{"href":"https:\/\/aproin.com\/index.php\/wp-json\/wp\/v2\/types\/page"}],"author":[{"embeddable":true,"href":"https:\/\/aproin.com\/index.php\/wp-json\/wp\/v2\/users\/1"}],"replies":[{"embeddable":true,"href":"https:\/\/aproin.com\/index.php\/wp-json\/wp\/v2\/comments?post=7"}],"version-history":[{"count":18,"href":"https:\/\/aproin.com\/index.php\/wp-json\/wp\/v2\/pages\/7\/revisions"}],"predecessor-version":[{"id":4777,"href":"https:\/\/aproin.com\/index.php\/wp-json\/wp\/v2\/pages\/7\/revisions\/4777"}],"wp:attachment":[{"href":"https:\/\/aproin.com\/index.php\/wp-json\/wp\/v2\/media?parent=7"}],"curies":[{"name":"wp","href":"https:\/\/api.w.org\/{rel}","templated":true}]}}